{"id":38,"date":"2026-02-11T14:02:27","date_gmt":"2026-02-11T13:02:27","guid":{"rendered":"http:\/\/localhost\/ARS%20DISTRIBUTION\/?page_id=38"},"modified":"2026-04-23T14:00:16","modified_gmt":"2026-04-23T12:00:16","slug":"about","status":"publish","type":"page","link":"https:\/\/sanadstudentservices.com\/?page_id=38","title":{"rendered":"A propos"},"content":{"rendered":"\t\t<div data-elementor-type=\"wp-page\" data-elementor-id=\"38\" class=\"elementor elementor-38\">\n\t\t\t\t<div class=\"elementor-element elementor-element-2d877591 e-flex e-con-boxed e-con e-parent\" data-id=\"2d877591\" data-element_type=\"container\" data-e-type=\"container\" data-settings=\"{&quot;background_background&quot;:&quot;gradient&quot;,&quot;shape_divider_bottom&quot;:&quot;waves&quot;}\">\n\t\t\t\t\t<div class=\"e-con-inner\">\n\t\t\t\t<div class=\"elementor-shape elementor-shape-bottom\" aria-hidden=\"true\" data-negative=\"false\">\n\t\t\t<svg xmlns=\"http:\/\/www.w3.org\/2000\/svg\" viewBox=\"0 0 1000 100\" preserveAspectRatio=\"none\">\n\t<path class=\"elementor-shape-fill\" d=\"M421.9,6.5c22.6-2.5,51.5,0.4,75.5,5.3c23.6,4.9,70.9,23.5,100.5,35.7c75.8,32.2,133.7,44.5,192.6,49.7\n\tc23.6,2.1,48.7,3.5,103.4-2.5c54.7-6,106.2-25.6,106.2-25.6V0H0v30.3c0,0,72,32.6,158.4,30.5c39.2-0.7,92.8-6.7,134-22.4\n\tc21.2-8.1,52.2-18.2,79.7-24.2C399.3,7.9,411.6,7.5,421.9,6.5z\"\/>\n<\/svg>\t\t<\/div>\n\t\t\t\t<div class=\"elementor-element elementor-element-5041a16 elementor-widget elementor-widget-heading\" data-id=\"5041a16\" data-element_type=\"widget\" data-e-type=\"widget\" data-widget_type=\"heading.default\">\n\t\t\t\t\t<h1 class=\"elementor-heading-title elementor-size-default\"><div><span style=\"background-color: transparent\">A PROPOS<\/span><\/div><\/h1>\t\t\t\t<\/div>\n\t\t\t\t\t<\/div>\n\t\t\t\t<\/div>\n\t\t<div class=\"elementor-element elementor-element-46015afc e-con-full e-flex e-con e-parent\" data-id=\"46015afc\" data-element_type=\"container\" data-e-type=\"container\">\n\t\t\t\t<div class=\"elementor-element elementor-element-3ff608c0 elementor-widget elementor-widget-zigzag\" data-id=\"3ff608c0\" data-element_type=\"widget\" data-e-type=\"widget\" data-settings=\"{&quot;image_shape&quot;:&quot;sharp&quot;}\" data-widget_type=\"zigzag.default\">\n\t\t\t\t<div class=\"elementor-widget-container\">\n\t\t\t\t\t\t\t<div class=\"ehp-zigzag has-direction-start\">\n\t\t\t\t\t\t\t<div class=\"ehp-zigzag__item-wrapper\">\n\t\t\t\t\t<div class=\"ehp-zigzag__item-container\">\n\t\t\t\t\t\t\t\t<div class=\"ehp-zigzag__graphic-element-container has-image\">\n\t\t\t\t\t\t<div class=\"ehp-image ehp-zigzag__image-container\">\n\t\t\t\t<img decoding=\"async\" class=\"ehp-image__img ehp-zigzag__img has-shape-sharp shape-type-image\" src=\"https:\/\/sanadstudentservices.com\/wp-content\/uploads\/2026\/04\/apropos1.png\" title=\"apropos1\" alt=\"apropos1\" loading=\"lazy\" \/>\t\t\t<\/div>\n\t\t\t\t\t<\/div>\n\t\t\t\t<div class=\"ehp-zigzag__text-container is-graphic-image\">\n\t\t\t<h2 class=\"ehp-zigzag__title\">Votre partenaire pour \u00e9tudier \u00e0 l\u2019\u00e9tranger<\/h2><p class=\"ehp-zigzag__description\">Chez SANAD Student Services, nous accompagnons les \u00e9tudiants dans toutes les \u00e9tapes de leur projet acad\u00e9mique \u00e0 l\u2019international. De l\u2019inscription universitaire \u00e0 l\u2019obtention du visa, en passant par l\u2019h\u00e9bergement et l\u2019organisation du voyage, nous mettons tout en \u0153uvre pour garantir un d\u00e9part serein et s\u00e9curis\u00e9.\n\nGr\u00e2ce \u00e0 notre expertise et \u00e0 notre r\u00e9seau de partenaires, nous facilitons l\u2019acc\u00e8s aux universit\u00e9s \u00e9trang\u00e8res et nous assurons un accompagnement personnalis\u00e9 pour chaque \u00e9tudiant.<\/p>\t\t<\/div>\n\t\t\t\t\t\t\t<\/div>\n\t\t\t\t<\/div>\n\t\t\t\t\t\t\t\t<div class=\"ehp-zigzag__item-wrapper\">\n\t\t\t\t\t<div class=\"ehp-zigzag__item-container\">\n\t\t\t\t\t\t\t\t<div class=\"ehp-zigzag__graphic-element-container has-image\">\n\t\t\t\t\t\t<div class=\"ehp-image ehp-zigzag__image-container ehp-image ehp-zigzag__image-container\">\n\t\t\t\t<img decoding=\"async\" class=\"ehp-image__img ehp-zigzag__img has-shape-sharp shape-type-image\" src=\"https:\/\/sanadstudentservices.com\/wp-content\/uploads\/2026\/04\/apropos2.png\" title=\"apropos2\" alt=\"apropos2\" loading=\"lazy\" \/>\t\t\t<\/div>\n\t\t\t\t\t<\/div>\n\t\t\t\t<div class=\"ehp-zigzag__text-container is-graphic-image\">\n\t\t\t<h2 class=\"ehp-zigzag__title\">Une \u00e9quipe d\u00e9di\u00e9e \u00e0 votre r\u00e9ussite<\/h2><p class=\"ehp-zigzag__description\">Notre mission est de simplifier les d\u00e9marches administratives et de guider chaque \u00e9tudiant vers les meilleures opportunit\u00e9s d\u2019\u00e9tudes \u00e0 l\u2019\u00e9tranger.\n\nNous croyons que chaque projet m\u00e9rite une attention particuli\u00e8re. C\u2019est pourquoi nous proposons un suivi personnalis\u00e9, une assistance continue et des solutions adapt\u00e9es aux besoins de chaque candidat, avant et apr\u00e8s son d\u00e9part.<\/p>\t\t<\/div>\n\t\t\t\t\t\t\t<\/div>\n\t\t\t\t<\/div>\n\t\t\t\t\t\t\t<\/div>\n\t\t\t\t\t\t<\/div>\n\t\t\t\t<\/div>\n\t\t\t\t<\/div>\n\t\t\t\t<\/div>\n\t\t","protected":false},"excerpt":{"rendered":"<p>A PROPOS Votre partenaire pour \u00e9tudier \u00e0 l\u2019\u00e9tranger Chez SANAD Student Services, nous accompagnons les \u00e9tudiants dans toutes les \u00e9tapes de leur projet acad\u00e9mique \u00e0 l\u2019international. De l\u2019inscription universitaire \u00e0 l\u2019obtention du visa, en passant par l\u2019h\u00e9bergement et l\u2019organisation du voyage, nous mettons tout en \u0153uvre pour garantir un d\u00e9part serein et s\u00e9curis\u00e9. Gr\u00e2ce \u00e0 [&hellip;]<\/p>\n","protected":false},"author":1,"featured_media":0,"parent":0,"menu_order":0,"comment_status":"closed","ping_status":"closed","template":"elementor_header_footer","meta":{"footnotes":""},"class_list":["post-38","page","type-page","status-publish","hentry"],"_links":{"self":[{"href":"https:\/\/sanadstudentservices.com\/index.php?rest_route=\/wp\/v2\/pages\/38","targetHints":{"allow":["GET"]}}],"collection":[{"href":"https:\/\/sanadstudentservices.com\/index.php?rest_route=\/wp\/v2\/pages"}],"about":[{"href":"https:\/\/sanadstudentservices.com\/index.php?rest_route=\/wp\/v2\/types\/page"}],"author":[{"embeddable":true,"href":"https:\/\/sanadstudentservices.com\/index.php?rest_route=\/wp\/v2\/users\/1"}],"replies":[{"embeddable":true,"href":"https:\/\/sanadstudentservices.com\/index.php?rest_route=%2Fwp%2Fv2%2Fcomments&post=38"}],"version-history":[{"count":26,"href":"https:\/\/sanadstudentservices.com\/index.php?rest_route=\/wp\/v2\/pages\/38\/revisions"}],"predecessor-version":[{"id":460,"href":"https:\/\/sanadstudentservices.com\/index.php?rest_route=\/wp\/v2\/pages\/38\/revisions\/460"}],"wp:attachment":[{"href":"https:\/\/sanadstudentservices.com\/index.php?rest_route=%2Fwp%2Fv2%2Fmedia&parent=38"}],"curies":[{"name":"wp","href":"https:\/\/api.w.org\/{rel}","templated":true}]}}